{"id":808,"date":"2021-11-26T14:50:10","date_gmt":"2021-11-26T13:50:10","guid":{"rendered":"https:\/\/dalcinenzofalegnameria.it\/cosa-facciamo\/"},"modified":"2023-03-06T16:38:27","modified_gmt":"2023-03-06T15:38:27","slug":"cosa-facciamo","status":"publish","type":"page","link":"https:\/\/dalcinenzofalegnameria.it\/en\/cosa-facciamo\/","title":{"rendered":"Cosa Facciamo"},"content":{"rendered":"<p>[et_pb_section fb_built=&#8221;1&#8243; _builder_version=&#8221;4.16&#8243; background_enable_color=&#8221;off&#8221; background_image=&#8221;https:\/\/dalcinenzofalegnameria.it\/wp-content\/uploads\/2021\/11\/slide1-scaled.jpg&#8221; custom_padding=&#8221;66px||66px||true|&#8221; saved_tabs=&#8221;all&#8221; global_colors_info=&#8221;{}&#8221;][et_pb_row _builder_version=&#8221;4.16&#8243; background_enable_color=&#8221;off&#8221; global_colors_info=&#8221;{}&#8221;][et_pb_column type=&#8221;4_4&#8243; _builder_version=&#8221;4.16&#8243; custom_padding=&#8221;|||&#8221; global_colors_info=&#8221;{}&#8221; custom_padding__hover=&#8221;|||&#8221;][et_pb_post_title meta=&#8221;off&#8221; featured_image=&#8221;off&#8221; _builder_version=&#8221;4.16&#8243; title_font=&#8221;|||on|||||&#8221; title_text_align=&#8221;left&#8221; title_text_color=&#8221;#ffffff&#8221; title_font_size=&#8221;50px&#8221; title_font_size_tablet=&#8221;&#8221; title_font_size_phone=&#8221;30px&#8221; title_font_size_last_edited=&#8221;on|desktop&#8221; global_colors_info=&#8221;{}&#8221;][\/et_pb_post_title][\/et_pb_column][\/et_pb_row][\/et_pb_section][et_pb_section fb_built=&#8221;1&#8243; _builder_version=&#8221;4.16&#8243; _module_preset=&#8221;default&#8221; global_colors_info=&#8221;{}&#8221;][et_pb_row _builder_version=&#8221;4.16&#8243; _module_preset=&#8221;default&#8221; global_colors_info=&#8221;{}&#8221;][et_pb_column type=&#8221;4_4&#8243; _builder_version=&#8221;4.16&#8243; _module_preset=&#8221;default&#8221; global_colors_info=&#8221;{}&#8221;][et_pb_text _builder_version=&#8221;4.16&#8243; _module_preset=&#8221;default&#8221; global_colors_info=&#8221;{}&#8221;]<\/p>\n<p>Nata come piccola bottega che realizzava scatole in legno, progressivamente gli obbiettivi sono cambiati, si passa alla lavorazione di pannelli, in particolare:<\/p>\n<h3>Pannelli truciolari \/ Laminati \/ Impiallacciati con bordatura in legno \/ Laminato \/ Carta.<\/h3>\n<p>Dalla lavorazione di oggettistica siamo passati alla fornitura di elementi finiti per arredamento nei pi\u00f9 svariati materiali:<\/p>\n<h3>Resine \/ MDF \/ PVC \/ Metacrilato \/ Acrilico \/ Policarbonato \/ HPL.<\/h3>\n<p>La nostra forza \u00e8 la sagomatura e bordatura di elementi curvi, la fornitura di piccoli lotti di produzione con lavorazioni particolari e\/o laboriose.<\/p>\n<p>Riusciamo a seguire il cliente anche in ordini settimanali in modalit\u00e0 just in time o produzione snella con lotti di produzione che possono contenere elementi di forma e fattura anche totalmente diversi tra di loro.<\/p>\n<p>La nostra area di lavoro \u00e8 principalmente il triveneto ma abbiamo lavorato anche in centro italia e qualche collaborazione con aziende estere europee, ci\u00f2 che ci differenzi dagli altri \u00e8 la tempestivit\u00e0 nella realizzazione delle commesse e la qualit\u00e0 del prodotto che forniamo frutto della passione per ci\u00f2 che facciamo.<\/p>\n<p>&nbsp;<\/p>\n<p>&nbsp;<\/p>\n<h4 style=\"text-align: center;\">esempio di sviluppo prodotto<\/h4>\n<div class=\"nextgen_pro_thumbnail_grid pro-thumbnail-caption-template-2\" id=\"displayed_gallery_d6fe4ce86fd965e4fff01bdcd757b2db\"><div id=\"ngg-image-0\" class=\"image-wrapper\"><a href=\"https:\/\/dalcinenzofalegnameria.it\/wp-content\/gallery\/esempio-di-sviluppo-prodotto\/002.jpg\"\n               title=\"\"\n               data-src=\"https:\/\/dalcinenzofalegnameria.it\/wp-content\/gallery\/esempio-di-sviluppo-prodotto\/002.jpg\"\n               data-thumbnail=\"https:\/\/dalcinenzofalegnameria.it\/wp-content\/gallery\/esempio-di-sviluppo-prodotto\/thumbs\/thumbs_002.jpg\"\n               data-image-id=\"31\"\n               data-title=\"verifica lavorazioni in 3D\"\n               data-description=\"\"\n               class=\"ngg-simplelightbox\" rel=\"d6fe4ce86fd965e4fff01bdcd757b2db\"><picture><source srcset='https:\/\/dalcinenzofalegnameria.it\/wp-content\/gallery\/esempio-di-sviluppo-prodotto\/thumbs\/thumbs_002.jpg, https:\/\/dalcinenzofalegnameria.it\/wp-content\/gallery\/esempio-di-sviluppo-prodotto\/cache\/002.jpg-nggid0231-ngg0dyn-480x320x100-00f0w010c011r110f110r010t010.jpg 2x' media=''><img title=\"verifica lavorazioni in 3D\" alt=\"verifica lavorazioni in 3D\" width=\"240\" height=\"160\" style=\"max-width:240px;max-height:160px\" src=\"https:\/\/dalcinenzofalegnameria.it\/wp-content\/gallery\/esempio-di-sviluppo-prodotto\/thumbs\/thumbs_002.jpg\" srcset=\"https:\/\/dalcinenzofalegnameria.it\/wp-content\/gallery\/esempio-di-sviluppo-prodotto\/thumbs\/thumbs_002.jpg, https:\/\/dalcinenzofalegnameria.it\/wp-content\/gallery\/esempio-di-sviluppo-prodotto\/cache\/002.jpg-nggid0231-ngg0dyn-480x320x100-00f0w010c011r110f110r010t010.jpg 2x\" onerror=\"nggRetryFailedImage(this);\"\/><\/picture>                <noscript><img src=\"https:\/\/dalcinenzofalegnameria.it\/wp-content\/gallery\/esempio-di-sviluppo-prodotto\/thumbs\/thumbs_002.jpg\"\n                         title=\"verifica lavorazioni in 3D\"\n                         alt=\"verifica lavorazioni in 3D\"\n                         width=\"240\"\n                         height=\"160\"\n                         style=\"max-width:100%; height: auto;\"\/><\/noscript><\/a><div class=\"ngg-caption\"><h4>verifica lavorazioni in 3D<\/h4><\/div><\/div><div id=\"ngg-image-1\" class=\"image-wrapper\"><a href=\"https:\/\/dalcinenzofalegnameria.it\/wp-content\/gallery\/esempio-di-sviluppo-prodotto\/001.jpg\"\n               title=\"\"\n               data-src=\"https:\/\/dalcinenzofalegnameria.it\/wp-content\/gallery\/esempio-di-sviluppo-prodotto\/001.jpg\"\n               data-thumbnail=\"https:\/\/dalcinenzofalegnameria.it\/wp-content\/gallery\/esempio-di-sviluppo-prodotto\/thumbs\/thumbs_001.jpg\"\n               data-image-id=\"32\"\n               data-title=\"disegno e sviluppo lavorazioni in 3D\"\n               data-description=\"\"\n               class=\"ngg-simplelightbox\" rel=\"d6fe4ce86fd965e4fff01bdcd757b2db\"><picture><source srcset='https:\/\/dalcinenzofalegnameria.it\/wp-content\/gallery\/esempio-di-sviluppo-prodotto\/thumbs\/thumbs_001.jpg, https:\/\/dalcinenzofalegnameria.it\/wp-content\/gallery\/esempio-di-sviluppo-prodotto\/cache\/001.jpg-nggid0232-ngg0dyn-480x320x100-00f0w010c011r110f110r010t010.jpg 2x' media=''><img title=\"disegno e sviluppo lavorazioni in 3D\" alt=\"disegno e sviluppo lavorazioni in 3D\" width=\"240\" height=\"160\" style=\"max-width:240px;max-height:160px\" src=\"https:\/\/dalcinenzofalegnameria.it\/wp-content\/gallery\/esempio-di-sviluppo-prodotto\/thumbs\/thumbs_001.jpg\" srcset=\"https:\/\/dalcinenzofalegnameria.it\/wp-content\/gallery\/esempio-di-sviluppo-prodotto\/thumbs\/thumbs_001.jpg, https:\/\/dalcinenzofalegnameria.it\/wp-content\/gallery\/esempio-di-sviluppo-prodotto\/cache\/001.jpg-nggid0232-ngg0dyn-480x320x100-00f0w010c011r110f110r010t010.jpg 2x\" onerror=\"nggRetryFailedImage(this);\"\/><\/picture>                <noscript><img src=\"https:\/\/dalcinenzofalegnameria.it\/wp-content\/gallery\/esempio-di-sviluppo-prodotto\/thumbs\/thumbs_001.jpg\"\n                         title=\"disegno e sviluppo lavorazioni in 3D\"\n                         alt=\"disegno e sviluppo lavorazioni in 3D\"\n                         width=\"240\"\n                         height=\"160\"\n                         style=\"max-width:100%; height: auto;\"\/><\/noscript><\/a><div class=\"ngg-caption\"><h4>disegno e sviluppo lavorazioni in 3D<\/h4><\/div><\/div><div id=\"ngg-image-2\" class=\"image-wrapper\"><a href=\"https:\/\/dalcinenzofalegnameria.it\/wp-content\/gallery\/esempio-di-sviluppo-prodotto\/003.jpg\"\n               title=\"\"\n               data-src=\"https:\/\/dalcinenzofalegnameria.it\/wp-content\/gallery\/esempio-di-sviluppo-prodotto\/003.jpg\"\n               data-thumbnail=\"https:\/\/dalcinenzofalegnameria.it\/wp-content\/gallery\/esempio-di-sviluppo-prodotto\/thumbs\/thumbs_003.jpg\"\n               data-image-id=\"33\"\n               data-title=\"Progetto finale\"\n               data-description=\"\"\n               class=\"ngg-simplelightbox\" rel=\"d6fe4ce86fd965e4fff01bdcd757b2db\"><picture><source srcset='https:\/\/dalcinenzofalegnameria.it\/wp-content\/gallery\/esempio-di-sviluppo-prodotto\/thumbs\/thumbs_003.jpg, https:\/\/dalcinenzofalegnameria.it\/wp-content\/gallery\/esempio-di-sviluppo-prodotto\/cache\/003.jpg-nggid0233-ngg0dyn-480x320x100-00f0w010c011r110f110r010t010.jpg 2x' media=''><img title=\"Progetto finale\" alt=\"Progetto finale\" width=\"240\" height=\"160\" style=\"max-width:240px;max-height:160px\" src=\"https:\/\/dalcinenzofalegnameria.it\/wp-content\/gallery\/esempio-di-sviluppo-prodotto\/thumbs\/thumbs_003.jpg\" srcset=\"https:\/\/dalcinenzofalegnameria.it\/wp-content\/gallery\/esempio-di-sviluppo-prodotto\/thumbs\/thumbs_003.jpg, https:\/\/dalcinenzofalegnameria.it\/wp-content\/gallery\/esempio-di-sviluppo-prodotto\/cache\/003.jpg-nggid0233-ngg0dyn-480x320x100-00f0w010c011r110f110r010t010.jpg 2x\" onerror=\"nggRetryFailedImage(this);\"\/><\/picture>                <noscript><img src=\"https:\/\/dalcinenzofalegnameria.it\/wp-content\/gallery\/esempio-di-sviluppo-prodotto\/thumbs\/thumbs_003.jpg\"\n                         title=\"Progetto finale\"\n                         alt=\"Progetto finale\"\n                         width=\"240\"\n                         height=\"160\"\n                         style=\"max-width:100%; height: auto;\"\/><\/noscript><\/a><div class=\"ngg-caption\"><h4>Progetto finale<\/h4><\/div><\/div><div class='ngg-clear'><\/div><\/div>\n\n<p>[\/et_pb_text][\/et_pb_column][\/et_pb_row][\/et_pb_section]<\/p>\n","protected":false},"excerpt":{"rendered":"<p>Nata come piccola bottega che realizzava scatole in legno, progressivamente gli obbiettivi sono cambiati, si passa alla lavorazione di pannelli, in particolare: Pannelli truciolari \/ Laminati \/ Impiallacciati con bordatura in legno \/ Laminato \/ Carta. Dalla lavorazione di oggettistica siamo passati alla fornitura di elementi finiti per arredamento nei pi\u00f9 svariati materiali: Resine \/ [&hellip;]<\/p>\n","protected":false},"author":1,"featured_media":0,"parent":0,"menu_order":0,"comment_status":"closed","ping_status":"closed","template":"","meta":{"_et_pb_use_builder":"on","_et_pb_old_content":"","_et_gb_content_width":"","ngg_post_thumbnail":0,"footnotes":""},"class_list":["post-808","page","type-page","status-publish","hentry"],"yoast_head":"<!-- This site is optimized with the Yoast SEO plugin v24.5 - https:\/\/yoast.com\/wordpress\/plugins\/seo\/ -->\n<title>Cosa Facciamo | Dal Cin Enzo Falegnameria<\/title>\n<meta name=\"description\" content=\"Nata come piccola bottega che realizzava scatole in legno, progressivamente gli obbiettivi sono cambiati, si passa alla lavorazione di pannelli, in particolare: Pannelli truciolari \/ Laminati \/ Impiallacciati con bordatura in legno \/ Laminato \/ Carta. Dalla lavorazione di oggettistica siamo passati alla fornitura di elementi finiti per arredamento nei pi\u00f9 svariati materiali: Resine \/ MDF \/ PVC \/ Metacrilato \/ Acrilico \/ Policarbonato \/ HPL. La nostra forza \u00e8 la sagomatura e bordatura di elementi curvi, la fornitura di piccoli lotti di produzione con lavorazioni particolari e\/o laboriose. Riusciamo a seguire il cliente anche in ordini settimanali in modalit\u00e0 just in time o produzione snella con lotti di produzione che possono contenere elementi di forma e fattura anche totalmente diversi tra di loro. La nostra area di lavoro \u00e8 principalmente il triveneto ma abbiamo lavorato anche in centro italia e qualche collaborazione con aziende estere europee, ci\u00f2 che ci differenzi dagli altri \u00e8 la tempestivit\u00e0 nella realizzazione delle commesse e la qualit\u00e0 del prodotto che forniamo frutto della passione per ci\u00f2 che facciamo.\" \/>\n<meta name=\"robots\" content=\"index, follow, max-snippet:-1, max-image-preview:large, max-video-preview:-1\" \/>\n<link rel=\"canonical\" href=\"https:\/\/dalcinenzofalegnameria.it\/en\/cosa-facciamo\/\" \/>\n<meta property=\"og:locale\" content=\"en_US\" \/>\n<meta property=\"og:type\" content=\"article\" \/>\n<meta property=\"og:title\" content=\"Cosa Facciamo | Dal Cin Enzo Falegnameria\" \/>\n<meta property=\"og:description\" content=\"Nata come piccola bottega che realizzava scatole in legno, progressivamente gli obbiettivi sono cambiati, si passa alla lavorazione di pannelli, in particolare: Pannelli truciolari \/ Laminati \/ Impiallacciati con bordatura in legno \/ Laminato \/ Carta. Dalla lavorazione di oggettistica siamo passati alla fornitura di elementi finiti per arredamento nei pi\u00f9 svariati materiali: Resine \/ MDF \/ PVC \/ Metacrilato \/ Acrilico \/ Policarbonato \/ HPL. La nostra forza \u00e8 la sagomatura e bordatura di elementi curvi, la fornitura di piccoli lotti di produzione con lavorazioni particolari e\/o laboriose. Riusciamo a seguire il cliente anche in ordini settimanali in modalit\u00e0 just in time o produzione snella con lotti di produzione che possono contenere elementi di forma e fattura anche totalmente diversi tra di loro. La nostra area di lavoro \u00e8 principalmente il triveneto ma abbiamo lavorato anche in centro italia e qualche collaborazione con aziende estere europee, ci\u00f2 che ci differenzi dagli altri \u00e8 la tempestivit\u00e0 nella realizzazione delle commesse e la qualit\u00e0 del prodotto che forniamo frutto della passione per ci\u00f2 che facciamo.\" \/>\n<meta property=\"og:url\" content=\"https:\/\/dalcinenzofalegnameria.it\/en\/cosa-facciamo\/\" \/>\n<meta property=\"og:site_name\" content=\"Dal Cin Enzo Falegnameria\" \/>\n<meta property=\"article:modified_time\" content=\"2023-03-06T15:38:27+00:00\" \/>\n<meta property=\"og:image\" content=\"https:\/\/dalcinenzofalegnameria.it\/wp-content\/uploads\/2021\/11\/20170207_162337-scaled.jpg\" \/>\n\t<meta property=\"og:image:width\" content=\"2560\" \/>\n\t<meta property=\"og:image:height\" content=\"1920\" \/>\n\t<meta property=\"og:image:type\" content=\"image\/jpeg\" \/>\n<meta name=\"twitter:card\" content=\"summary_large_image\" \/>\n<meta name=\"twitter:label1\" content=\"Est. reading time\" \/>\n\t<meta name=\"twitter:data1\" content=\"2 minutes\" \/>\n<script type=\"application\/ld+json\" class=\"yoast-schema-graph\">{\"@context\":\"https:\/\/schema.org\",\"@graph\":[{\"@type\":\"WebPage\",\"@id\":\"https:\/\/dalcinenzofalegnameria.it\/en\/cosa-facciamo\/\",\"url\":\"https:\/\/dalcinenzofalegnameria.it\/en\/cosa-facciamo\/\",\"name\":\"Cosa Facciamo | Dal Cin Enzo Falegnameria\",\"isPartOf\":{\"@id\":\"https:\/\/dalcinenzofalegnameria.it\/#website\"},\"datePublished\":\"2021-11-26T13:50:10+00:00\",\"dateModified\":\"2023-03-06T15:38:27+00:00\",\"description\":\"Nata come piccola bottega che realizzava scatole in legno, progressivamente gli obbiettivi sono cambiati, si passa alla lavorazione di pannelli, in particolare: Pannelli truciolari \/ Laminati \/ Impiallacciati con bordatura in legno \/ Laminato \/ Carta. Dalla lavorazione di oggettistica siamo passati alla fornitura di elementi finiti per arredamento nei pi\u00f9 svariati materiali: Resine \/ MDF \/ PVC \/ Metacrilato \/ Acrilico \/ Policarbonato \/ HPL. La nostra forza \u00e8 la sagomatura e bordatura di elementi curvi, la fornitura di piccoli lotti di produzione con lavorazioni particolari e\/o laboriose. Riusciamo a seguire il cliente anche in ordini settimanali in modalit\u00e0 just in time o produzione snella con lotti di produzione che possono contenere elementi di forma e fattura anche totalmente diversi tra di loro. La nostra area di lavoro \u00e8 principalmente il triveneto ma abbiamo lavorato anche in centro italia e qualche collaborazione con aziende estere europee, ci\u00f2 che ci differenzi dagli altri \u00e8 la tempestivit\u00e0 nella realizzazione delle commesse e la qualit\u00e0 del prodotto che forniamo frutto della passione per ci\u00f2 che facciamo.\",\"breadcrumb\":{\"@id\":\"https:\/\/dalcinenzofalegnameria.it\/en\/cosa-facciamo\/#breadcrumb\"},\"inLanguage\":\"en-US\",\"potentialAction\":[{\"@type\":\"ReadAction\",\"target\":[\"https:\/\/dalcinenzofalegnameria.it\/en\/cosa-facciamo\/\"]}]},{\"@type\":\"BreadcrumbList\",\"@id\":\"https:\/\/dalcinenzofalegnameria.it\/en\/cosa-facciamo\/#breadcrumb\",\"itemListElement\":[{\"@type\":\"ListItem\",\"position\":1,\"name\":\"Home\",\"item\":\"https:\/\/dalcinenzofalegnameria.it\/en\/\"},{\"@type\":\"ListItem\",\"position\":2,\"name\":\"Cosa Facciamo\"}]},{\"@type\":\"WebSite\",\"@id\":\"https:\/\/dalcinenzofalegnameria.it\/#website\",\"url\":\"https:\/\/dalcinenzofalegnameria.it\/\",\"name\":\"Dal Cin Enzo Falegnameria\",\"description\":\"Mobili su misura a Treviso\",\"publisher\":{\"@id\":\"https:\/\/dalcinenzofalegnameria.it\/#organization\"},\"potentialAction\":[{\"@type\":\"SearchAction\",\"target\":{\"@type\":\"EntryPoint\",\"urlTemplate\":\"https:\/\/dalcinenzofalegnameria.it\/?s={search_term_string}\"},\"query-input\":{\"@type\":\"PropertyValueSpecification\",\"valueRequired\":true,\"valueName\":\"search_term_string\"}}],\"inLanguage\":\"en-US\"},{\"@type\":\"Organization\",\"@id\":\"https:\/\/dalcinenzofalegnameria.it\/#organization\",\"name\":\"DAL CIN ENZO FALEGNAMERIA S.N.C.\",\"url\":\"https:\/\/dalcinenzofalegnameria.it\/\",\"logo\":{\"@type\":\"ImageObject\",\"inLanguage\":\"en-US\",\"@id\":\"https:\/\/dalcinenzofalegnameria.it\/#\/schema\/logo\/image\/\",\"url\":\"https:\/\/dalcinenzofalegnameria.it\/wp-content\/uploads\/2023\/02\/Logo_Dal_Cin_trasparente.png\",\"contentUrl\":\"https:\/\/dalcinenzofalegnameria.it\/wp-content\/uploads\/2023\/02\/Logo_Dal_Cin_trasparente.png\",\"width\":1043,\"height\":946,\"caption\":\"DAL CIN ENZO FALEGNAMERIA S.N.C.\"},\"image\":{\"@id\":\"https:\/\/dalcinenzofalegnameria.it\/#\/schema\/logo\/image\/\"},\"sameAs\":[\"https:\/\/www.youtube.com\/watch?v=Gk3CKBIEFEs&amp;t=15s\"]}]}<\/script>\n<!-- \/ Yoast SEO plugin. -->","yoast_head_json":{"title":"Cosa Facciamo | Dal Cin Enzo Falegnameria","description":"Nata come piccola bottega che realizzava scatole in legno, progressivamente gli obbiettivi sono cambiati, si passa alla lavorazione di pannelli, in particolare: Pannelli truciolari \/ Laminati \/ Impiallacciati con bordatura in legno \/ Laminato \/ Carta. Dalla lavorazione di oggettistica siamo passati alla fornitura di elementi finiti per arredamento nei pi\u00f9 svariati materiali: Resine \/ MDF \/ PVC \/ Metacrilato \/ Acrilico \/ Policarbonato \/ HPL. La nostra forza \u00e8 la sagomatura e bordatura di elementi curvi, la fornitura di piccoli lotti di produzione con lavorazioni particolari e\/o laboriose. Riusciamo a seguire il cliente anche in ordini settimanali in modalit\u00e0 just in time o produzione snella con lotti di produzione che possono contenere elementi di forma e fattura anche totalmente diversi tra di loro. La nostra area di lavoro \u00e8 principalmente il triveneto ma abbiamo lavorato anche in centro italia e qualche collaborazione con aziende estere europee, ci\u00f2 che ci differenzi dagli altri \u00e8 la tempestivit\u00e0 nella realizzazione delle commesse e la qualit\u00e0 del prodotto che forniamo frutto della passione per ci\u00f2 che facciamo.","robots":{"index":"index","follow":"follow","max-snippet":"max-snippet:-1","max-image-preview":"max-image-preview:large","max-video-preview":"max-video-preview:-1"},"canonical":"https:\/\/dalcinenzofalegnameria.it\/en\/cosa-facciamo\/","og_locale":"en_US","og_type":"article","og_title":"Cosa Facciamo | Dal Cin Enzo Falegnameria","og_description":"Nata come piccola bottega che realizzava scatole in legno, progressivamente gli obbiettivi sono cambiati, si passa alla lavorazione di pannelli, in particolare: Pannelli truciolari \/ Laminati \/ Impiallacciati con bordatura in legno \/ Laminato \/ Carta. Dalla lavorazione di oggettistica siamo passati alla fornitura di elementi finiti per arredamento nei pi\u00f9 svariati materiali: Resine \/ MDF \/ PVC \/ Metacrilato \/ Acrilico \/ Policarbonato \/ HPL. La nostra forza \u00e8 la sagomatura e bordatura di elementi curvi, la fornitura di piccoli lotti di produzione con lavorazioni particolari e\/o laboriose. Riusciamo a seguire il cliente anche in ordini settimanali in modalit\u00e0 just in time o produzione snella con lotti di produzione che possono contenere elementi di forma e fattura anche totalmente diversi tra di loro. La nostra area di lavoro \u00e8 principalmente il triveneto ma abbiamo lavorato anche in centro italia e qualche collaborazione con aziende estere europee, ci\u00f2 che ci differenzi dagli altri \u00e8 la tempestivit\u00e0 nella realizzazione delle commesse e la qualit\u00e0 del prodotto che forniamo frutto della passione per ci\u00f2 che facciamo.","og_url":"https:\/\/dalcinenzofalegnameria.it\/en\/cosa-facciamo\/","og_site_name":"Dal Cin Enzo Falegnameria","article_modified_time":"2023-03-06T15:38:27+00:00","og_image":[{"width":2560,"height":1920,"url":"https:\/\/dalcinenzofalegnameria.it\/wp-content\/uploads\/2021\/11\/20170207_162337-scaled.jpg","type":"image\/jpeg"}],"twitter_card":"summary_large_image","twitter_misc":{"Est. reading time":"2 minutes"},"schema":{"@context":"https:\/\/schema.org","@graph":[{"@type":"WebPage","@id":"https:\/\/dalcinenzofalegnameria.it\/en\/cosa-facciamo\/","url":"https:\/\/dalcinenzofalegnameria.it\/en\/cosa-facciamo\/","name":"Cosa Facciamo | Dal Cin Enzo Falegnameria","isPartOf":{"@id":"https:\/\/dalcinenzofalegnameria.it\/#website"},"datePublished":"2021-11-26T13:50:10+00:00","dateModified":"2023-03-06T15:38:27+00:00","description":"Nata come piccola bottega che realizzava scatole in legno, progressivamente gli obbiettivi sono cambiati, si passa alla lavorazione di pannelli, in particolare: Pannelli truciolari \/ Laminati \/ Impiallacciati con bordatura in legno \/ Laminato \/ Carta. Dalla lavorazione di oggettistica siamo passati alla fornitura di elementi finiti per arredamento nei pi\u00f9 svariati materiali: Resine \/ MDF \/ PVC \/ Metacrilato \/ Acrilico \/ Policarbonato \/ HPL. La nostra forza \u00e8 la sagomatura e bordatura di elementi curvi, la fornitura di piccoli lotti di produzione con lavorazioni particolari e\/o laboriose. Riusciamo a seguire il cliente anche in ordini settimanali in modalit\u00e0 just in time o produzione snella con lotti di produzione che possono contenere elementi di forma e fattura anche totalmente diversi tra di loro. La nostra area di lavoro \u00e8 principalmente il triveneto ma abbiamo lavorato anche in centro italia e qualche collaborazione con aziende estere europee, ci\u00f2 che ci differenzi dagli altri \u00e8 la tempestivit\u00e0 nella realizzazione delle commesse e la qualit\u00e0 del prodotto che forniamo frutto della passione per ci\u00f2 che facciamo.","breadcrumb":{"@id":"https:\/\/dalcinenzofalegnameria.it\/en\/cosa-facciamo\/#breadcrumb"},"inLanguage":"en-US","potentialAction":[{"@type":"ReadAction","target":["https:\/\/dalcinenzofalegnameria.it\/en\/cosa-facciamo\/"]}]},{"@type":"BreadcrumbList","@id":"https:\/\/dalcinenzofalegnameria.it\/en\/cosa-facciamo\/#breadcrumb","itemListElement":[{"@type":"ListItem","position":1,"name":"Home","item":"https:\/\/dalcinenzofalegnameria.it\/en\/"},{"@type":"ListItem","position":2,"name":"Cosa Facciamo"}]},{"@type":"WebSite","@id":"https:\/\/dalcinenzofalegnameria.it\/#website","url":"https:\/\/dalcinenzofalegnameria.it\/","name":"Dal Cin Enzo Falegnameria","description":"Mobili su misura a Treviso","publisher":{"@id":"https:\/\/dalcinenzofalegnameria.it\/#organization"},"potentialAction":[{"@type":"SearchAction","target":{"@type":"EntryPoint","urlTemplate":"https:\/\/dalcinenzofalegnameria.it\/?s={search_term_string}"},"query-input":{"@type":"PropertyValueSpecification","valueRequired":true,"valueName":"search_term_string"}}],"inLanguage":"en-US"},{"@type":"Organization","@id":"https:\/\/dalcinenzofalegnameria.it\/#organization","name":"DAL CIN ENZO FALEGNAMERIA S.N.C.","url":"https:\/\/dalcinenzofalegnameria.it\/","logo":{"@type":"ImageObject","inLanguage":"en-US","@id":"https:\/\/dalcinenzofalegnameria.it\/#\/schema\/logo\/image\/","url":"https:\/\/dalcinenzofalegnameria.it\/wp-content\/uploads\/2023\/02\/Logo_Dal_Cin_trasparente.png","contentUrl":"https:\/\/dalcinenzofalegnameria.it\/wp-content\/uploads\/2023\/02\/Logo_Dal_Cin_trasparente.png","width":1043,"height":946,"caption":"DAL CIN ENZO FALEGNAMERIA S.N.C."},"image":{"@id":"https:\/\/dalcinenzofalegnameria.it\/#\/schema\/logo\/image\/"},"sameAs":["https:\/\/www.youtube.com\/watch?v=Gk3CKBIEFEs&amp;t=15s"]}]}},"_links":{"self":[{"href":"https:\/\/dalcinenzofalegnameria.it\/en\/wp-json\/wp\/v2\/pages\/808","targetHints":{"allow":["GET"]}}],"collection":[{"href":"https:\/\/dalcinenzofalegnameria.it\/en\/wp-json\/wp\/v2\/pages"}],"about":[{"href":"https:\/\/dalcinenzofalegnameria.it\/en\/wp-json\/wp\/v2\/types\/page"}],"author":[{"embeddable":true,"href":"https:\/\/dalcinenzofalegnameria.it\/en\/wp-json\/wp\/v2\/users\/1"}],"replies":[{"embeddable":true,"href":"https:\/\/dalcinenzofalegnameria.it\/en\/wp-json\/wp\/v2\/comments?post=808"}],"version-history":[{"count":2,"href":"https:\/\/dalcinenzofalegnameria.it\/en\/wp-json\/wp\/v2\/pages\/808\/revisions"}],"predecessor-version":[{"id":810,"href":"https:\/\/dalcinenzofalegnameria.it\/en\/wp-json\/wp\/v2\/pages\/808\/revisions\/810"}],"wp:attachment":[{"href":"https:\/\/dalcinenzofalegnameria.it\/en\/wp-json\/wp\/v2\/media?parent=808"}],"curies":[{"name":"wp","href":"https:\/\/api.w.org\/{rel}","templated":true}]}}