{"id":826,"date":"2021-11-26T16:07:52","date_gmt":"2021-11-26T15:07:52","guid":{"rendered":"https:\/\/dalcinenzofalegnameria.it\/just-in-time-treviso\/"},"modified":"2023-03-06T16:44:38","modified_gmt":"2023-03-06T15:44:38","slug":"just-in-time-treviso","status":"publish","type":"page","link":"https:\/\/dalcinenzofalegnameria.it\/en\/just-in-time-treviso\/","title":{"rendered":"Just in time Treviso"},"content":{"rendered":"<p>[et_pb_section fb_built=&#8221;1&#8243; _builder_version=&#8221;4.16&#8243; background_enable_color=&#8221;off&#8221; background_image=&#8221;https:\/\/dalcinenzofalegnameria.it\/wp-content\/uploads\/2021\/11\/slide1-scaled.jpg&#8221; custom_padding=&#8221;66px||66px||true|&#8221; saved_tabs=&#8221;all&#8221; global_colors_info=&#8221;{}&#8221;][et_pb_row _builder_version=&#8221;4.16&#8243; background_enable_color=&#8221;off&#8221; global_colors_info=&#8221;{}&#8221;][et_pb_column type=&#8221;4_4&#8243; _builder_version=&#8221;4.16&#8243; custom_padding=&#8221;|||&#8221; global_colors_info=&#8221;{}&#8221; custom_padding__hover=&#8221;|||&#8221;][et_pb_post_title meta=&#8221;off&#8221; featured_image=&#8221;off&#8221; _builder_version=&#8221;4.16&#8243; title_font=&#8221;|||on|||||&#8221; title_text_align=&#8221;left&#8221; title_text_color=&#8221;#ffffff&#8221; title_font_size=&#8221;50px&#8221; title_font_size_tablet=&#8221;&#8221; title_font_size_phone=&#8221;30px&#8221; title_font_size_last_edited=&#8221;on|desktop&#8221; global_colors_info=&#8221;{}&#8221;][\/et_pb_post_title][\/et_pb_column][\/et_pb_row][\/et_pb_section][et_pb_section fb_built=&#8221;1&#8243; _builder_version=&#8221;4.16&#8243; _module_preset=&#8221;default&#8221; global_colors_info=&#8221;{}&#8221;][et_pb_row column_structure=&#8221;1_2,1_2&#8243; _builder_version=&#8221;4.16&#8243; _module_preset=&#8221;default&#8221; global_colors_info=&#8221;{}&#8221;][et_pb_column type=&#8221;1_2&#8243; _builder_version=&#8221;4.16&#8243; _module_preset=&#8221;default&#8221; global_colors_info=&#8221;{}&#8221;][et_pb_text _builder_version=&#8221;4.16&#8243; _module_preset=&#8221;default&#8221; global_colors_info=&#8221;{}&#8221;]<\/p>\n<h4><strong>Just in time Treviso Dal Cin Enzo Falegnameria<\/strong><\/h4>\n<p>Dal Cin Enzo Falegnameria S.NC \u00e8 una ditta specializzata nella realizzazione, conto terzi, di elementi e componenti di arredamento.<\/p>\n<p>Dal Cin Enzo Falegnameria S.NC dispone un sistema produttivo molto flessibile ed elastico, capace di adattarsi in ogni momento alla domanda dei clienti ed \u00e8 per questo che riusciamo a seguirvi anche in ordini settimanali in modalit\u00e0 just in time a Treviso.<br \/>Riusciamo a soddisfare ogni vostra esigenze grazie al nostro team di esperti e professionisti che crescono insieme alla nostra azienda con la voglia di migliorare ogni giorni di pi\u00f9.<\/p>\n<p>[\/et_pb_text][\/et_pb_column][et_pb_column type=&#8221;1_2&#8243; _builder_version=&#8221;4.16&#8243; _module_preset=&#8221;default&#8221; global_colors_info=&#8221;{}&#8221;][et_pb_image src=&#8221;https:\/\/dalcinenzofalegnameria.it\/wp-content\/uploads\/2021\/11\/20160413_081951-scaled.jpg&#8221; title_text=&#8221;20160413_081951&#8243; show_in_lightbox=&#8221;on&#8221; _builder_version=&#8221;4.16&#8243; _module_preset=&#8221;default&#8221; global_colors_info=&#8221;{}&#8221;][\/et_pb_image][\/et_pb_column][\/et_pb_row][et_pb_row _builder_version=&#8221;4.16&#8243; _module_preset=&#8221;default&#8221; global_colors_info=&#8221;{}&#8221;][et_pb_column type=&#8221;4_4&#8243; _builder_version=&#8221;4.16&#8243; _module_preset=&#8221;default&#8221; global_colors_info=&#8221;{}&#8221;][et_pb_text _builder_version=&#8221;4.16&#8243; _module_preset=&#8221;default&#8221; global_colors_info=&#8221;{}&#8221;]<\/p>\n<h4><strong>ust in time (JIT) a Treviso per ogni esigenza solo Dal Cin Enzo Falegnameria<\/strong><\/h4>\n<p>Just in time oppure &#8220;appena in tempo&#8221; significa realizzare in tempo breve un prodotto su misura capace di soddisfare tutte le esigenze del cliente.<br \/>La flessibilit\u00e0 della nostra produzione ci consente di realizzare prodotti di qualit\u00e0, in tempi rapidi e a prezzi vantaggiosi, offrendo una vasta gamma di materiali di prima qualit\u00e0 e ponendo una particolare attenzione alla funzionalit\u00e0 e al design del prodotto finito.<\/p>\n<p><strong>Dal Cin Enzo Falegnameria S.N.C.<br \/>Via Alcide De Gasperi, 5 &#8211; 31018 &#8211; Gaiarine, Treviso<\/strong><br \/><strong> Tel. <a href=\"tel:+390434758769\">+39 0434758769<\/a><br \/>Email:\u00a0<\/strong><a href=\"mailto:dalcinenzo.falegnameria@gmail.com\"><strong>dalcinenzo.falegnameria@gmail.com<\/strong><\/a><\/p>\n<p>[\/et_pb_text][\/et_pb_column][\/et_pb_row][\/et_pb_section]<\/p>\n","protected":false},"excerpt":{"rendered":"<p>Just in time Treviso Dal Cin Enzo Falegnameria Dal Cin Enzo Falegnameria S.NC \u00e8 una ditta specializzata nella realizzazione, conto terzi, di elementi e componenti di arredamento. Dal Cin Enzo Falegnameria S.NC dispone un sistema produttivo molto flessibile ed elastico, capace di adattarsi in ogni momento alla domanda dei clienti ed \u00e8 per questo che [&hellip;]<\/p>\n","protected":false},"author":1,"featured_media":0,"parent":0,"menu_order":0,"comment_status":"closed","ping_status":"closed","template":"","meta":{"_et_pb_use_builder":"on","_et_pb_old_content":"","_et_gb_content_width":"","ngg_post_thumbnail":0,"footnotes":""},"class_list":["post-826","page","type-page","status-publish","hentry"],"yoast_head":"<!-- This site is optimized with the Yoast SEO plugin v24.5 - https:\/\/yoast.com\/wordpress\/plugins\/seo\/ -->\n<title>Just in time Treviso | Dal Cin Enzo Falegnameria<\/title>\n<meta name=\"description\" content=\"Dal Cin Enzo Falegnameria S.NC \u00e8 una ditta specializzata nella realizzazione, conto terzi, di elementi e componenti di arredamento. Riusciamo a seguire il cliente anche in ordini settimanali in modalit\u00e0 just in time a Treviso. Vi aspettiamo!\" \/>\n<meta name=\"robots\" content=\"index, follow, max-snippet:-1, max-image-preview:large, max-video-preview:-1\" \/>\n<link rel=\"canonical\" href=\"https:\/\/dalcinenzofalegnameria.it\/en\/just-in-time-treviso\/\" \/>\n<meta property=\"og:locale\" content=\"en_US\" \/>\n<meta property=\"og:type\" content=\"article\" \/>\n<meta property=\"og:title\" content=\"Just in time Treviso | Dal Cin Enzo Falegnameria\" \/>\n<meta property=\"og:description\" content=\"Dal Cin Enzo Falegnameria S.NC \u00e8 una ditta specializzata nella realizzazione, conto terzi, di elementi e componenti di arredamento. Riusciamo a seguire il cliente anche in ordini settimanali in modalit\u00e0 just in time a Treviso. Vi aspettiamo!\" \/>\n<meta property=\"og:url\" content=\"https:\/\/dalcinenzofalegnameria.it\/en\/just-in-time-treviso\/\" \/>\n<meta property=\"og:site_name\" content=\"Dal Cin Enzo Falegnameria\" \/>\n<meta property=\"article:modified_time\" content=\"2023-03-06T15:44:38+00:00\" \/>\n<meta property=\"og:image\" content=\"https:\/\/dalcinenzofalegnameria.it\/wp-content\/uploads\/2021\/11\/20170207_162337-scaled.jpg\" \/>\n\t<meta property=\"og:image:width\" content=\"2560\" \/>\n\t<meta property=\"og:image:height\" content=\"1920\" \/>\n\t<meta property=\"og:image:type\" content=\"image\/jpeg\" \/>\n<meta name=\"twitter:card\" content=\"summary_large_image\" \/>\n<meta name=\"twitter:label1\" content=\"Est. reading time\" \/>\n\t<meta name=\"twitter:data1\" content=\"2 minutes\" \/>\n<script type=\"application\/ld+json\" class=\"yoast-schema-graph\">{\"@context\":\"https:\/\/schema.org\",\"@graph\":[{\"@type\":\"WebPage\",\"@id\":\"https:\/\/dalcinenzofalegnameria.it\/en\/just-in-time-treviso\/\",\"url\":\"https:\/\/dalcinenzofalegnameria.it\/en\/just-in-time-treviso\/\",\"name\":\"Just in time Treviso | Dal Cin Enzo Falegnameria\",\"isPartOf\":{\"@id\":\"https:\/\/dalcinenzofalegnameria.it\/#website\"},\"datePublished\":\"2021-11-26T15:07:52+00:00\",\"dateModified\":\"2023-03-06T15:44:38+00:00\",\"description\":\"Dal Cin Enzo Falegnameria S.NC \u00e8 una ditta specializzata nella realizzazione, conto terzi, di elementi e componenti di arredamento. Riusciamo a seguire il cliente anche in ordini settimanali in modalit\u00e0 just in time a Treviso. Vi aspettiamo!\",\"breadcrumb\":{\"@id\":\"https:\/\/dalcinenzofalegnameria.it\/en\/just-in-time-treviso\/#breadcrumb\"},\"inLanguage\":\"en-US\",\"potentialAction\":[{\"@type\":\"ReadAction\",\"target\":[\"https:\/\/dalcinenzofalegnameria.it\/en\/just-in-time-treviso\/\"]}]},{\"@type\":\"BreadcrumbList\",\"@id\":\"https:\/\/dalcinenzofalegnameria.it\/en\/just-in-time-treviso\/#breadcrumb\",\"itemListElement\":[{\"@type\":\"ListItem\",\"position\":1,\"name\":\"Home\",\"item\":\"https:\/\/dalcinenzofalegnameria.it\/en\/\"},{\"@type\":\"ListItem\",\"position\":2,\"name\":\"Just in time Treviso\"}]},{\"@type\":\"WebSite\",\"@id\":\"https:\/\/dalcinenzofalegnameria.it\/#website\",\"url\":\"https:\/\/dalcinenzofalegnameria.it\/\",\"name\":\"Dal Cin Enzo Falegnameria\",\"description\":\"Mobili su misura a Treviso\",\"publisher\":{\"@id\":\"https:\/\/dalcinenzofalegnameria.it\/#organization\"},\"potentialAction\":[{\"@type\":\"SearchAction\",\"target\":{\"@type\":\"EntryPoint\",\"urlTemplate\":\"https:\/\/dalcinenzofalegnameria.it\/?s={search_term_string}\"},\"query-input\":{\"@type\":\"PropertyValueSpecification\",\"valueRequired\":true,\"valueName\":\"search_term_string\"}}],\"inLanguage\":\"en-US\"},{\"@type\":\"Organization\",\"@id\":\"https:\/\/dalcinenzofalegnameria.it\/#organization\",\"name\":\"DAL CIN ENZO FALEGNAMERIA S.N.C.\",\"url\":\"https:\/\/dalcinenzofalegnameria.it\/\",\"logo\":{\"@type\":\"ImageObject\",\"inLanguage\":\"en-US\",\"@id\":\"https:\/\/dalcinenzofalegnameria.it\/#\/schema\/logo\/image\/\",\"url\":\"https:\/\/dalcinenzofalegnameria.it\/wp-content\/uploads\/2023\/02\/Logo_Dal_Cin_trasparente.png\",\"contentUrl\":\"https:\/\/dalcinenzofalegnameria.it\/wp-content\/uploads\/2023\/02\/Logo_Dal_Cin_trasparente.png\",\"width\":1043,\"height\":946,\"caption\":\"DAL CIN ENZO FALEGNAMERIA S.N.C.\"},\"image\":{\"@id\":\"https:\/\/dalcinenzofalegnameria.it\/#\/schema\/logo\/image\/\"},\"sameAs\":[\"https:\/\/www.youtube.com\/watch?v=Gk3CKBIEFEs&amp;t=15s\"]}]}<\/script>\n<!-- \/ Yoast SEO plugin. -->","yoast_head_json":{"title":"Just in time Treviso | Dal Cin Enzo Falegnameria","description":"Dal Cin Enzo Falegnameria S.NC \u00e8 una ditta specializzata nella realizzazione, conto terzi, di elementi e componenti di arredamento. Riusciamo a seguire il cliente anche in ordini settimanali in modalit\u00e0 just in time a Treviso. Vi aspettiamo!","robots":{"index":"index","follow":"follow","max-snippet":"max-snippet:-1","max-image-preview":"max-image-preview:large","max-video-preview":"max-video-preview:-1"},"canonical":"https:\/\/dalcinenzofalegnameria.it\/en\/just-in-time-treviso\/","og_locale":"en_US","og_type":"article","og_title":"Just in time Treviso | Dal Cin Enzo Falegnameria","og_description":"Dal Cin Enzo Falegnameria S.NC \u00e8 una ditta specializzata nella realizzazione, conto terzi, di elementi e componenti di arredamento. Riusciamo a seguire il cliente anche in ordini settimanali in modalit\u00e0 just in time a Treviso. Vi aspettiamo!","og_url":"https:\/\/dalcinenzofalegnameria.it\/en\/just-in-time-treviso\/","og_site_name":"Dal Cin Enzo Falegnameria","article_modified_time":"2023-03-06T15:44:38+00:00","og_image":[{"width":2560,"height":1920,"url":"https:\/\/dalcinenzofalegnameria.it\/wp-content\/uploads\/2021\/11\/20170207_162337-scaled.jpg","type":"image\/jpeg"}],"twitter_card":"summary_large_image","twitter_misc":{"Est. reading time":"2 minutes"},"schema":{"@context":"https:\/\/schema.org","@graph":[{"@type":"WebPage","@id":"https:\/\/dalcinenzofalegnameria.it\/en\/just-in-time-treviso\/","url":"https:\/\/dalcinenzofalegnameria.it\/en\/just-in-time-treviso\/","name":"Just in time Treviso | Dal Cin Enzo Falegnameria","isPartOf":{"@id":"https:\/\/dalcinenzofalegnameria.it\/#website"},"datePublished":"2021-11-26T15:07:52+00:00","dateModified":"2023-03-06T15:44:38+00:00","description":"Dal Cin Enzo Falegnameria S.NC \u00e8 una ditta specializzata nella realizzazione, conto terzi, di elementi e componenti di arredamento. Riusciamo a seguire il cliente anche in ordini settimanali in modalit\u00e0 just in time a Treviso. Vi aspettiamo!","breadcrumb":{"@id":"https:\/\/dalcinenzofalegnameria.it\/en\/just-in-time-treviso\/#breadcrumb"},"inLanguage":"en-US","potentialAction":[{"@type":"ReadAction","target":["https:\/\/dalcinenzofalegnameria.it\/en\/just-in-time-treviso\/"]}]},{"@type":"BreadcrumbList","@id":"https:\/\/dalcinenzofalegnameria.it\/en\/just-in-time-treviso\/#breadcrumb","itemListElement":[{"@type":"ListItem","position":1,"name":"Home","item":"https:\/\/dalcinenzofalegnameria.it\/en\/"},{"@type":"ListItem","position":2,"name":"Just in time Treviso"}]},{"@type":"WebSite","@id":"https:\/\/dalcinenzofalegnameria.it\/#website","url":"https:\/\/dalcinenzofalegnameria.it\/","name":"Dal Cin Enzo Falegnameria","description":"Mobili su misura a Treviso","publisher":{"@id":"https:\/\/dalcinenzofalegnameria.it\/#organization"},"potentialAction":[{"@type":"SearchAction","target":{"@type":"EntryPoint","urlTemplate":"https:\/\/dalcinenzofalegnameria.it\/?s={search_term_string}"},"query-input":{"@type":"PropertyValueSpecification","valueRequired":true,"valueName":"search_term_string"}}],"inLanguage":"en-US"},{"@type":"Organization","@id":"https:\/\/dalcinenzofalegnameria.it\/#organization","name":"DAL CIN ENZO FALEGNAMERIA S.N.C.","url":"https:\/\/dalcinenzofalegnameria.it\/","logo":{"@type":"ImageObject","inLanguage":"en-US","@id":"https:\/\/dalcinenzofalegnameria.it\/#\/schema\/logo\/image\/","url":"https:\/\/dalcinenzofalegnameria.it\/wp-content\/uploads\/2023\/02\/Logo_Dal_Cin_trasparente.png","contentUrl":"https:\/\/dalcinenzofalegnameria.it\/wp-content\/uploads\/2023\/02\/Logo_Dal_Cin_trasparente.png","width":1043,"height":946,"caption":"DAL CIN ENZO FALEGNAMERIA S.N.C."},"image":{"@id":"https:\/\/dalcinenzofalegnameria.it\/#\/schema\/logo\/image\/"},"sameAs":["https:\/\/www.youtube.com\/watch?v=Gk3CKBIEFEs&amp;t=15s"]}]}},"_links":{"self":[{"href":"https:\/\/dalcinenzofalegnameria.it\/en\/wp-json\/wp\/v2\/pages\/826","targetHints":{"allow":["GET"]}}],"collection":[{"href":"https:\/\/dalcinenzofalegnameria.it\/en\/wp-json\/wp\/v2\/pages"}],"about":[{"href":"https:\/\/dalcinenzofalegnameria.it\/en\/wp-json\/wp\/v2\/types\/page"}],"author":[{"embeddable":true,"href":"https:\/\/dalcinenzofalegnameria.it\/en\/wp-json\/wp\/v2\/users\/1"}],"replies":[{"embeddable":true,"href":"https:\/\/dalcinenzofalegnameria.it\/en\/wp-json\/wp\/v2\/comments?post=826"}],"version-history":[{"count":2,"href":"https:\/\/dalcinenzofalegnameria.it\/en\/wp-json\/wp\/v2\/pages\/826\/revisions"}],"predecessor-version":[{"id":829,"href":"https:\/\/dalcinenzofalegnameria.it\/en\/wp-json\/wp\/v2\/pages\/826\/revisions\/829"}],"wp:attachment":[{"href":"https:\/\/dalcinenzofalegnameria.it\/en\/wp-json\/wp\/v2\/media?parent=826"}],"curies":[{"name":"wp","href":"https:\/\/api.w.org\/{rel}","templated":true}]}}